{"id":2403,"date":"2024-12-20T14:12:27","date_gmt":"2024-12-20T19:12:27","guid":{"rendered":"http:\/\/www.oommbo.org\/collectes-de-fonds\/"},"modified":"2025-10-16T13:05:00","modified_gmt":"2025-10-16T17:05:00","slug":"collectes-de-fonds","status":"publish","type":"page","link":"https:\/\/www.oommbo.org\/fr\/comment-aider\/collectes-de-fonds\/","title":{"rendered":"Collectes de Fonds"},"content":{"rendered":"<p><div class=\"fusion-fullwidth fullwidth-box fusion-builder-row-1 fusion-flex-container has-pattern-background has-mask-background hundred-percent-fullwidth non-hundred-percent-height-scrolling\" style=\"--awb-border-radius-top-left:0px;--awb-border-radius-top-right:0px;--awb-border-radius-bottom-right:0px;--awb-border-radius-bottom-left:0px;--awb-padding-top:0px;--awb-padding-right:0px;--awb-padding-bottom:0px;--awb-padding-left:0px;--awb-margin-bottom:1em;--awb-margin-bottom-small:0px;--awb-min-height:318px;--awb-min-height-small:400px;--awb-background-image:linear-gradient(45deg, rgba(202,209,225,0.3) 0%,rgba(231,224,218,0.3) 65%);--awb-flex-wrap:wrap;\" ><div class=\"fusion-builder-row fusion-row fusion-flex-align-items-stretch fusion-flex-justify-content-space-between fusion-flex-content-wrap\" style=\"width:104% !important;max-width:104% !important;margin-left: calc(-4% \/ 2 );margin-right: calc(-4% \/ 2 );\"><div class=\"fusion-layout-column fusion_builder_column fusion-builder-column-0 fusion_builder_column_2_3 2_3 fusion-flex-column banner-text\" style=\"--awb-padding-top:3em;--awb-padding-bottom:1.5em;--awb-padding-left:15%;--awb-padding-top-small:1em;--awb-padding-bottom-small:1em;--awb-padding-left-small:30px;--awb-bg-color-small:var(--awb-color1);--awb-bg-size:cover;--awb-width-large:66.666666666667%;--awb-margin-top-large:0px;--awb-spacing-right-large:2.88%;--awb-margin-bottom-large:0px;--awb-spacing-left-large:2.88%;--awb-width-medium:66.666666666667%;--awb-order-medium:0;--awb-spacing-right-medium:2.88%;--awb-spacing-left-medium:2.88%;--awb-width-small:100%;--awb-order-small:2;--awb-spacing-right-small:1.92%;--awb-spacing-left-small:1.92%;\" data-scroll-devices=\"small-visibility,medium-visibility,large-visibility\"><div class=\"fusion-column-wrapper fusion-column-has-shadow fusion-flex-justify-content-flex-end fusion-content-layout-column\"><div class=\"fusion-title title fusion-title-1 fusion-sep-none fusion-title-text fusion-title-size-one\"><h1 class=\"fusion-title-heading title-heading-left fusion-responsive-typography-calculated\" style=\"margin:0;--fontSize:55;line-height:var(--awb-typography1-line-height);\">Collectes de Fonds<\/h1><\/div><\/div><\/div><div class=\"fusion-layout-column fusion_builder_column fusion-builder-column-1 fusion_builder_column_1_3 1_3 fusion-flex-column banner-bird\" style=\"--awb-padding-top:0px;--awb-padding-bottom:0px;--awb-bg-image:url(&#039;http:\/\/www.oommbo.org\/wp-content\/uploads\/2025\/03\/Banniere-site-web-format.svg&#039;);--awb-bg-size:cover;--awb-width-large:33.333333333333%;--awb-margin-top-large:0px;--awb-spacing-right-large:0px;--awb-margin-bottom-large:0px;--awb-spacing-left-large:5.76%;--awb-width-medium:33.333333333333%;--awb-order-medium:0;--awb-spacing-right-medium:0px;--awb-spacing-left-medium:5.76%;--awb-width-small:100%;--awb-order-small:1;--awb-spacing-right-small:1.92%;--awb-spacing-left-small:1.92%;\" data-scroll-devices=\"small-visibility,medium-visibility,large-visibility\"><div class=\"fusion-column-wrapper fusion-column-has-shadow fusion-flex-justify-content-flex-start fusion-content-layout-column fusion-empty-column-bg-image fusion-column-has-bg-image\" data-bg-url=\"http:\/\/www.oommbo.org\/wp-content\/uploads\/2025\/03\/Banniere-site-web-format.svg\"><img decoding=\"async\" class=\"fusion-empty-dims-img-placeholder fusion-no-large-visibility fusion-no-medium-visibility\" aria-label=\"Bannie\u0300re site web format\" src=\"data:image\/svg+xml,%3Csvg%20xmlns%3D%27http%3A%2F%2Fwww.w3.org%2F2000%2Fsvg%27%20width%3D%27618%27%20height%3D%27370%27%20viewBox%3D%270%200%20618%20370%27%3E%3Crect%20width%3D%27618%27%20height%3D%27370%27%20fill-opacity%3D%220%22%2F%3E%3C%2Fsvg%3E\"><\/div><\/div><\/div><\/div><div class=\"fusion-fullwidth fullwidth-box fusion-builder-row-2 fusion-flex-container has-pattern-background has-mask-background nonhundred-percent-fullwidth non-hundred-percent-height-scrolling\" style=\"--awb-border-radius-top-left:0px;--awb-border-radius-top-right:0px;--awb-border-radius-bottom-right:0px;--awb-border-radius-bottom-left:0px;--awb-padding-top:0px;--awb-padding-right:0px;--awb-padding-bottom:0px;--awb-padding-left:0px;--awb-margin-top:0px;--awb-margin-bottom:0px;--awb-background-color:var(--awb-color3);--awb-flex-wrap:wrap;\" ><div class=\"fusion-builder-row fusion-row fusion-flex-align-items-flex-start fusion-flex-content-wrap\" style=\"max-width:1248px;margin-left: calc(-4% \/ 2 );margin-right: calc(-4% \/ 2 );\"><div class=\"fusion-layout-column fusion_builder_column fusion-builder-column-2 fusion_builder_column_1_1 1_1 fusion-flex-column\" style=\"--awb-bg-size:cover;--awb-width-large:100%;--awb-margin-top-large:0px;--awb-spacing-right-large:1.92%;--awb-margin-bottom-large:0px;--awb-spacing-left-large:1.92%;--awb-width-medium:100%;--awb-order-medium:0;--awb-spacing-right-medium:1.92%;--awb-spacing-left-medium:1.92%;--awb-width-small:100%;--awb-order-small:0;--awb-spacing-right-small:1.92%;--awb-spacing-left-small:1.92%;\"><div class=\"fusion-column-wrapper fusion-column-has-shadow fusion-flex-justify-content-flex-start fusion-content-layout-column\"><nav class=\"awb-menu awb-menu_row awb-menu_em-hover mobile-mode-collapse-to-button awb-menu_icons-left awb-menu_dc-yes mobile-trigger-fullwidth-off awb-menu_mobile-toggle awb-menu_indent-left mobile-size-full-absolute loading mega-menu-loading awb-menu_desktop awb-menu_dropdown awb-menu_expand-right awb-menu_transition-fade submenu\" style=\"--awb-margin-top:0px;--awb-margin-bottom:0px;--awb-min-height:52px;--awb-bg:var(--awb-color3);--awb-gap:1px;--awb-items-padding-top:10px;--awb-items-padding-right:25px;--awb-items-padding-bottom:10px;--awb-items-padding-left:25px;--awb-border-color:var(--awb-color1);--awb-border-right:1px;--awb-color:var(--awb-color1);--awb-active-color:var(--awb-color1);--awb-active-bg:var(--awb-color6);--awb-active-border-right:1px;--awb-active-border-color:var(--awb-color1);--awb-main-justify-content:flex-start;--awb-mobile-justify:flex-start;--awb-mobile-caret-left:auto;--awb-mobile-caret-right:0;--awb-fusion-font-family-typography:&quot;EuclidCircularB-Regular&quot;;--awb-fusion-font-style-typography:normal;--awb-fusion-font-weight-typography:400;--awb-fusion-font-family-submenu-typography:inherit;--awb-fusion-font-style-submenu-typography:normal;--awb-fusion-font-weight-submenu-typography:400;--awb-fusion-font-family-mobile-typography:inherit;--awb-fusion-font-style-mobile-typography:normal;--awb-fusion-font-weight-mobile-typography:400;\" aria-label=\"How to Help\" data-breakpoint=\"0\" data-count=\"0\" data-transition-type=\"fade\" data-transition-time=\"300\" data-expand=\"right\"><ul id=\"menu-how-to-help-fr\" class=\"fusion-menu awb-menu__main-ul awb-menu__main-ul_row\"><li  id=\"menu-item-2700\"  class=\"menu-item menu-item-type-custom menu-item-object-custom menu-item-2700 awb-menu__li awb-menu__main-li awb-menu__main-li_regular\"  data-item-id=\"2700\"><span class=\"awb-menu__main-background-default awb-menu__main-background-default_fade\"><\/span><span class=\"awb-menu__main-background-active awb-menu__main-background-active_fade\"><\/span><a  href=\"#donation_general\" class=\"awb-menu__main-a awb-menu__main-a_regular\"><span class=\"menu-text\">Donation<\/span><\/a><\/li><li  id=\"menu-item-2701\"  class=\"menu-item menu-item-type-custom menu-item-object-custom menu-item-2701 awb-menu__li awb-menu__main-li awb-menu__main-li_regular\"  data-item-id=\"2701\"><span class=\"awb-menu__main-background-default awb-menu__main-background-default_fade\"><\/span><span class=\"awb-menu__main-background-active awb-menu__main-background-active_fade\"><\/span><a  href=\"#fundraising\" class=\"awb-menu__main-a awb-menu__main-a_regular\"><span class=\"menu-text\">Fundraising events<\/span><\/a><\/li><li  id=\"menu-item-2702\"  class=\"menu-item menu-item-type-custom menu-item-object-custom menu-item-2702 awb-menu__li awb-menu__main-li awb-menu__main-li_regular\"  data-item-id=\"2702\"><span class=\"awb-menu__main-background-default awb-menu__main-background-default_fade\"><\/span><span class=\"awb-menu__main-background-active awb-menu__main-background-active_fade\"><\/span><a  href=\"#volunteering\" class=\"awb-menu__main-a awb-menu__main-a_regular\"><span class=\"menu-text\">Volunteering<\/span><\/a><\/li><\/ul><\/nav><\/div><\/div><\/div><\/div><div class=\"fusion-fullwidth fullwidth-box fusion-builder-row-3 fusion-flex-container has-pattern-background has-mask-background nonhundred-percent-fullwidth non-hundred-percent-height-scrolling\" style=\"--awb-border-radius-top-left:0px;--awb-border-radius-top-right:0px;--awb-border-radius-bottom-right:0px;--awb-border-radius-bottom-left:0px;--awb-flex-wrap:wrap;\" id=\"fundraising\" ><div class=\"fusion-builder-row fusion-row fusion-flex-align-items-flex-start fusion-flex-content-wrap\" style=\"max-width:1344px;margin-left: calc(-12% \/ 2 );margin-right: calc(-12% \/ 2 );\"><div class=\"fusion-layout-column fusion_builder_column fusion-builder-column-3 fusion_builder_column_1_1 1_1 fusion-flex-column\" style=\"--awb-bg-size:cover;--awb-width-large:100%;--awb-margin-top-large:0px;--awb-spacing-right-large:5.28%;--awb-margin-bottom-large:2em;--awb-spacing-left-large:5.28%;--awb-width-medium:100%;--awb-order-medium:0;--awb-spacing-right-medium:5.28%;--awb-spacing-left-medium:5.28%;--awb-width-small:100%;--awb-order-small:0;--awb-spacing-right-small:5.28%;--awb-spacing-left-small:5.28%;\" data-scroll-devices=\"small-visibility,medium-visibility,large-visibility\"><div class=\"fusion-column-wrapper fusion-column-has-shadow fusion-flex-justify-content-flex-start fusion-content-layout-column\"><div class=\"fusion-title title fusion-title-2 fusion-sep-none fusion-title-text fusion-title-size-two\"><h2 class=\"fusion-title-heading title-heading-left fusion-responsive-typography-calculated\" style=\"margin:0;--fontSize:40;line-height:var(--awb-typography1-line-height);\">Collectes de fonds<\/h2><\/div><div class=\"fusion-text fusion-text-1\"><\/div><\/div><\/div><div class=\"fusion-layout-column fusion_builder_column fusion-builder-column-4 fusion_builder_column_1_1 1_1 fusion-flex-column\" style=\"--awb-bg-size:cover;--awb-width-large:100%;--awb-margin-top-large:0px;--awb-spacing-right-large:5.28%;--awb-margin-bottom-large:0px;--awb-spacing-left-large:5.28%;--awb-width-medium:100%;--awb-order-medium:0;--awb-spacing-right-medium:5.28%;--awb-spacing-left-medium:5.28%;--awb-width-small:100%;--awb-order-small:0;--awb-spacing-right-small:5.28%;--awb-spacing-left-small:5.28%;\"><div class=\"fusion-column-wrapper fusion-column-has-shadow fusion-flex-justify-content-flex-start fusion-content-layout-column\"><div class=\"fusion-text fusion-text-2\" style=\"--awb-content-alignment:left;\"><p>Chaque don, petit ou grand, fait une r\u00e9elle diff\u00e9rence et nous aide \u00e0 poursuivre notre travail. Nous savons que chacun\u00b7e contribue selon ses moyens, et nous sommes profond\u00e9ment reconnaissants pour votre soutien.<\/p>\n<p>Tout au long de l&rsquo;ann\u00e9e, nous organisons des \u00e9v\u00e8nements de collecte de fonds pour impliquer la communaut\u00e9 et soutenir nos activit\u00e9s. Participer \u00e0 ces \u00e9v\u00e8nements est un excellent moyen d&rsquo;encourager la recherche sur les oiseaux tout en s&rsquo;amusant !<\/p>\n<p>Restez \u00e0 l&rsquo;affut pour les prochains \u00e9v\u00e8nements, et merci de nous aider \u00e0 faire une diff\u00e9rence.<\/p>\n<\/div><\/div><\/div><\/div><\/div><div class=\"fusion-fullwidth fullwidth-box fusion-builder-row-4 fusion-flex-container has-pattern-background has-mask-background video-cont nonhundred-percent-fullwidth non-hundred-percent-height-scrolling\" style=\"--awb-border-radius-top-left:0px;--awb-border-radius-top-right:0px;--awb-border-radius-bottom-right:0px;--awb-border-radius-bottom-left:0px;--awb-padding-top:5em;--awb-padding-bottom:5em;--awb-padding-top-small:2em;--awb-flex-wrap:wrap;\" id=\"adoptions\" ><div class=\"fusion-builder-row fusion-row fusion-flex-align-items-stretch fusion-flex-content-wrap\" style=\"max-width:1248px;margin-left: calc(-4% \/ 2 );margin-right: calc(-4% \/ 2 );\"><div class=\"fusion-layout-column fusion_builder_column fusion-builder-column-5 fusion_builder_column_1_2 1_2 fusion-flex-column\" style=\"--awb-bg-size:cover;--awb-width-large:50%;--awb-margin-top-large:0px;--awb-spacing-right-large:3.84%;--awb-margin-bottom-large:0px;--awb-spacing-left-large:3.84%;--awb-width-medium:50%;--awb-order-medium:0;--awb-spacing-right-medium:3.84%;--awb-spacing-left-medium:3.84%;--awb-width-small:100%;--awb-order-small:0;--awb-margin-top-small:3.5em;--awb-spacing-right-small:1.92%;--awb-spacing-left-small:1.92%;\" data-scroll-devices=\"small-visibility,medium-visibility,large-visibility\"><div class=\"fusion-column-wrapper fusion-column-has-shadow fusion-flex-justify-content-center fusion-content-layout-column\"><div class=\"fusion-title title fusion-title-3 fusion-sep-none fusion-title-text fusion-title-size-three\"><h3 class=\"fusion-title-heading title-heading-left fusion-responsive-typography-calculated\" style=\"margin:0;--fontSize:35;line-height:var(--awb-typography1-line-height);\">Parrainez une Petite Nyctale<\/h3><\/div><div class=\"fusion-text fusion-text-3\"><p>D\u00e9couvrez la nature autrement en parrainant une chouette cet automne ! Notre programme de parrainage de la petite nyctale permet non seulement de soutenir la recherche essentielle sur la migration de cette esp\u00e8ce, mais aussi de vous offrir une exp\u00e9rience unique et inoubliable avec ces fascinants oiseaux nocturnes.<\/p>\n<p>Pour un don minimum de 100 $, vous et un proche \u00eates invit\u00e9 \u00e0 visiter l&rsquo;OOM en soir\u00e9e pour assister en direct au baguage des chouettes.<\/p>\n<p><b>D\u00e9tails du Parrainage avec visite priv\u00e9e:<\/b><\/p>\n<ul>\n<li><b>Dates<\/b>: 26 September au 6 Novembre<\/li>\n<li><b>Dur\u00e9e<\/b> : 20h \u00e0 23h30<\/li>\n<li><b>Location<\/b>: Observatoire d&rsquo;Oiseaux de McGill (Sainte-Anne-de-Bellevue)<\/li>\n<\/ul>\n<p><b>Pourquoi Parrainer une Chouette ?<\/b><\/p>\n<ul>\n<li>Visite \u00e0 l&rsquo;observatoire : une adoption permet \u00e0 deux personnes de venir visiter notre site en soir\u00e9e afin d&rsquo;assister au baguage des chouettes.<\/li>\n<li>Rencontrez votre chouette : Savourez l\u2019instant magique o\u00f9 votre chouette parrain\u00e9e prendra son envol de vos mains.<\/li>\n<li>Certificat num\u00e9rique personnalis\u00e9 : Inclut une photo de votre oiseaux et ses informations.<\/li>\n<li>Restez connect\u00e9 : Recevez une notification prioritaire si votre chouette est recaptur\u00e9e.<\/li>\n<li>Soutenir la conservation : Votre don contribue directement \u00e0 notre programme de suivi de la petit nyctale.<\/li>\n<\/ul>\n<p><b>Soutenez les efforts de conservation tout en cr\u00e9ant une exp\u00e9rience inoubliable pour vous et vos proches.<\/b><\/p>\n<\/div><div ><a class=\"fusion-button button-flat fusion-button-default-size button-default fusion-button-default button-1 fusion-button-default-span fusion-button-default-type\" target=\"_blank\" rel=\"noopener noreferrer\" href=\"https:\/\/www.zeffy.com\/fr-CA\/ticketing\/parrainez-une-nyctale-soiree-privee--2025\"><span class=\"fusion-button-text awb-button__text awb-button__text--default\">Parrainez une chouette<\/span><\/a><\/div><\/div><\/div><div class=\"fusion-layout-column fusion_builder_column fusion-builder-column-6 fusion_builder_column_1_2 1_2 fusion-flex-column\" style=\"--awb-bg-size:cover;--awb-width-large:50%;--awb-margin-top-large:0px;--awb-spacing-right-large:3.84%;--awb-margin-bottom-large:0px;--awb-spacing-left-large:3.84%;--awb-width-medium:50%;--awb-order-medium:0;--awb-spacing-right-medium:3.84%;--awb-spacing-left-medium:3.84%;--awb-width-small:100%;--awb-order-small:0;--awb-spacing-right-small:1.92%;--awb-spacing-left-small:1.92%;\"><div class=\"fusion-column-wrapper fusion-column-has-shadow fusion-flex-justify-content-flex-start fusion-content-layout-column\"><div class=\"fusion-image-element \" style=\"--awb-caption-title-font-family:var(--h2_typography-font-family);--awb-caption-title-font-weight:var(--h2_typography-font-weight);--awb-caption-title-font-style:var(--h2_typography-font-style);--awb-caption-title-size:var(--h2_typography-font-size);--awb-caption-title-transform:var(--h2_typography-text-transform);--awb-caption-title-line-height:var(--h2_typography-line-height);--awb-caption-title-letter-spacing:var(--h2_typography-letter-spacing);\"><span class=\" fusion-imageframe imageframe-none imageframe-1 hover-type-none fancy-border\"><img decoding=\"async\" width=\"819\" height=\"1024\" title=\"Untitled design (3)\" src=\"http:\/\/www.oommbo.org\/wp-content\/uploads\/2025\/03\/Untitled-design-3-819x1024.png\" alt class=\"img-responsive wp-image-1581\" srcset=\"https:\/\/www.oommbo.org\/wp-content\/uploads\/2025\/03\/Untitled-design-3-200x250.png 200w, https:\/\/www.oommbo.org\/wp-content\/uploads\/2025\/03\/Untitled-design-3-400x500.png 400w, https:\/\/www.oommbo.org\/wp-content\/uploads\/2025\/03\/Untitled-design-3-600x750.png 600w, https:\/\/www.oommbo.org\/wp-content\/uploads\/2025\/03\/Untitled-design-3-800x1000.png 800w, https:\/\/www.oommbo.org\/wp-content\/uploads\/2025\/03\/Untitled-design-3.png 1080w\" sizes=\"(max-width: 640px) 100vw, 600px\" \/><\/span><\/div><\/div><\/div><\/div><\/div><div class=\"fusion-fullwidth fullwidth-box fusion-builder-row-5 fusion-flex-container has-pattern-background has-mask-background video-cont nonhundred-percent-fullwidth non-hundred-percent-height-scrolling\" style=\"--awb-border-radius-top-left:0px;--awb-border-radius-top-right:0px;--awb-border-radius-bottom-right:0px;--awb-border-radius-bottom-left:0px;--awb-padding-top:5em;--awb-padding-bottom:5em;--awb-padding-top-small:2em;--awb-flex-wrap:wrap;\" ><div class=\"fusion-builder-row fusion-row fusion-flex-align-items-stretch fusion-flex-content-wrap\" style=\"max-width:1248px;margin-left: calc(-4% \/ 2 );margin-right: calc(-4% \/ 2 );\"><div class=\"fusion-layout-column fusion_builder_column fusion-builder-column-7 fusion_builder_column_1_2 1_2 fusion-flex-column\" style=\"--awb-bg-size:cover;--awb-width-large:50%;--awb-margin-top-large:0px;--awb-spacing-right-large:3.84%;--awb-margin-bottom-large:0px;--awb-spacing-left-large:3.84%;--awb-width-medium:50%;--awb-order-medium:0;--awb-spacing-right-medium:3.84%;--awb-spacing-left-medium:3.84%;--awb-width-small:100%;--awb-order-small:0;--awb-spacing-right-small:1.92%;--awb-spacing-left-small:1.92%;\"><div class=\"fusion-column-wrapper fusion-column-has-shadow fusion-flex-justify-content-flex-start fusion-content-layout-column\"><div class=\"fusion-image-element \" style=\"--awb-caption-title-font-family:var(--h2_typography-font-family);--awb-caption-title-font-weight:var(--h2_typography-font-weight);--awb-caption-title-font-style:var(--h2_typography-font-style);--awb-caption-title-size:var(--h2_typography-font-size);--awb-caption-title-transform:var(--h2_typography-text-transform);--awb-caption-title-line-height:var(--h2_typography-line-height);--awb-caption-title-letter-spacing:var(--h2_typography-letter-spacing);\"><span class=\" fusion-imageframe imageframe-none imageframe-2 hover-type-none fancy-border\"><img decoding=\"async\" width=\"1910\" height=\"1910\" title=\"Sticker_Olympiques_25\" src=\"http:\/\/www.oommbo.org\/wp-content\/uploads\/2025\/03\/Sticker_Olympiques_25.svg\" alt class=\"img-responsive wp-image-1843\"\/><\/span><\/div><\/div><\/div><div class=\"fusion-layout-column fusion_builder_column fusion-builder-column-8 fusion_builder_column_2_5 2_5 fusion-flex-column\" style=\"--awb-bg-size:cover;--awb-width-large:40%;--awb-margin-top-large:0px;--awb-spacing-right-large:4.8%;--awb-margin-bottom-large:0px;--awb-spacing-left-large:4.8%;--awb-width-medium:40%;--awb-order-medium:0;--awb-spacing-right-medium:4.8%;--awb-spacing-left-medium:4.8%;--awb-width-small:100%;--awb-order-small:0;--awb-margin-top-small:3.5em;--awb-spacing-right-small:1.92%;--awb-spacing-left-small:1.92%;\" data-scroll-devices=\"small-visibility,medium-visibility,large-visibility\"><div class=\"fusion-column-wrapper fusion-column-has-shadow fusion-flex-justify-content-center fusion-content-layout-column\"><div class=\"fusion-title title fusion-title-4 fusion-sep-none fusion-title-text fusion-title-size-three\"><h3 class=\"fusion-title-heading title-heading-left fusion-responsive-typography-calculated\" style=\"margin:0;--fontSize:35;line-height:var(--awb-typography1-line-height);\">Olympiques Ornithologiques de Montr\u00e9al<\/h3><\/div><div class=\"fusion-text fusion-text-4\"><p>Lors d&rsquo;une unique journ\u00e9e, des \u00e9quipes de passionn\u00e9\u00b7e\u00b7s s&rsquo;affrontent pour observer le plus grand nombre d&rsquo;esp\u00e8ces d&rsquo;oiseaux en 24h, sur l&rsquo;\u00cele de Montr\u00e9al, tout en collectant des fonds pour notre organisation. Que vous soyez d\u00e9butant\u00b7e\u00b7s, en famille ou des ornithologues expert\u00b7e\u00b7s vous \u00eates les bienvenu\u00b7e\u00b7s.<\/p>\n<ul>\n<li><b>Date: <\/b>10 mai 2025<\/li>\n<li><b>Dur\u00e9e<\/b>: 24h, de minuit \u00e0 23h59<\/li>\n<li><b>Localisation<\/b>: \u00cele de Montr\u00e9al<\/li>\n<\/ul>\n<\/div><div ><a class=\"fusion-button button-flat fusion-button-default-size button-default fusion-button-default button-2 fusion-button-default-span fusion-button-default-type\" target=\"_self\" href=\"http:\/\/www.oommbo.org\/fr\/comment-aider\/collectes-de-fonds\/olympiques-ornithologiques-de-montreal\/\"><span class=\"fusion-button-text awb-button__text awb-button__text--default\">En savoir plus<\/span><\/a><\/div><\/div><\/div><\/div><\/div><\/p>\n","protected":false},"excerpt":{"rendered":"","protected":false},"author":2,"featured_media":0,"parent":2632,"menu_order":0,"comment_status":"closed","ping_status":"closed","template":"100-width.php","meta":{"_acf_changed":false,"footnotes":""},"class_list":["post-2403","page","type-page","status-publish","hentry"],"acf":[],"_links":{"self":[{"href":"https:\/\/www.oommbo.org\/fr\/wp-json\/wp\/v2\/pages\/2403","targetHints":{"allow":["GET"]}}],"collection":[{"href":"https:\/\/www.oommbo.org\/fr\/wp-json\/wp\/v2\/pages"}],"about":[{"href":"https:\/\/www.oommbo.org\/fr\/wp-json\/wp\/v2\/types\/page"}],"author":[{"embeddable":true,"href":"https:\/\/www.oommbo.org\/fr\/wp-json\/wp\/v2\/users\/2"}],"replies":[{"embeddable":true,"href":"https:\/\/www.oommbo.org\/fr\/wp-json\/wp\/v2\/comments?post=2403"}],"version-history":[{"count":0,"href":"https:\/\/www.oommbo.org\/fr\/wp-json\/wp\/v2\/pages\/2403\/revisions"}],"up":[{"embeddable":true,"href":"https:\/\/www.oommbo.org\/fr\/wp-json\/wp\/v2\/pages\/2632"}],"wp:attachment":[{"href":"https:\/\/www.oommbo.org\/fr\/wp-json\/wp\/v2\/media?parent=2403"}],"curies":[{"name":"wp","href":"https:\/\/api.w.org\/{rel}","templated":true}]}}