{"id":2441,"date":"2025-04-08T14:12:29","date_gmt":"2025-04-08T18:12:29","guid":{"rendered":"http:\/\/www.oommbo.org\/collectes-de-fonds\/donner-votre-voiture\/"},"modified":"2025-10-16T13:10:05","modified_gmt":"2025-10-16T17:10:05","slug":"donner-votre-voiture","status":"publish","type":"page","link":"https:\/\/www.oommbo.org\/fr\/comment-aider\/collectes-de-fonds\/donner-votre-voiture\/","title":{"rendered":"Donner votre voiture"},"content":{"rendered":"<p><div class=\"fusion-fullwidth fullwidth-box fusion-builder-row-1 fusion-flex-container has-pattern-background has-mask-background hundred-percent-fullwidth non-hundred-percent-height-scrolling\" style=\"--awb-border-radius-top-left:0px;--awb-border-radius-top-right:0px;--awb-border-radius-bottom-right:0px;--awb-border-radius-bottom-left:0px;--awb-padding-top:0px;--awb-padding-right:0px;--awb-padding-bottom:0px;--awb-padding-left:0px;--awb-margin-bottom:0px;--awb-margin-bottom-small:0px;--awb-min-height:318px;--awb-min-height-small:400px;--awb-background-color:rgba(234,207,0,0.1);--awb-background-color-small:rgba(234,207,0,0.1);--awb-flex-wrap:wrap;\" ><div class=\"fusion-builder-row fusion-row fusion-flex-align-items-stretch fusion-flex-justify-content-space-between fusion-flex-content-wrap\" style=\"width:104% !important;max-width:104% !important;margin-left: calc(-4% \/ 2 );margin-right: calc(-4% \/ 2 );\"><div class=\"fusion-layout-column fusion_builder_column fusion-builder-column-0 fusion_builder_column_1_1 1_1 fusion-flex-column banner-text\" style=\"--awb-padding-top:3em;--awb-padding-bottom:1.5em;--awb-padding-left:15%;--awb-padding-top-small:1em;--awb-padding-bottom-small:1em;--awb-padding-left-small:30px;--awb-bg-size:cover;--awb-width-large:100%;--awb-margin-top-large:0px;--awb-spacing-right-large:1.92%;--awb-margin-bottom-large:0px;--awb-spacing-left-large:1.92%;--awb-width-medium:100%;--awb-order-medium:0;--awb-spacing-right-medium:1.92%;--awb-spacing-left-medium:1.92%;--awb-width-small:100%;--awb-order-small:2;--awb-spacing-right-small:1.92%;--awb-spacing-left-small:1.92%;\" data-scroll-devices=\"small-visibility,medium-visibility,large-visibility\"><div class=\"fusion-column-wrapper fusion-column-has-shadow fusion-flex-justify-content-flex-end fusion-content-layout-column\"><div class=\"fusion-title title fusion-title-1 fusion-sep-none fusion-title-text fusion-title-size-one long-title\"><h1 class=\"fusion-title-heading title-heading-left fusion-responsive-typography-calculated\" style=\"margin:0;--fontSize:55;line-height:var(--awb-typography1-line-height);\">Donner Votre Voiture<\/h1><\/div><\/div><\/div><\/div><\/div><div class=\"fusion-fullwidth fullwidth-box fusion-builder-row-2 fusion-flex-container has-pattern-background has-mask-background nonhundred-percent-fullwidth non-hundred-percent-height-scrolling\" style=\"--awb-border-radius-top-left:0px;--awb-border-radius-top-right:0px;--awb-border-radius-bottom-right:0px;--awb-border-radius-bottom-left:0px;--awb-padding-top:7em;--awb-padding-bottom:6.5em;--awb-padding-top-small:5em;--awb-padding-bottom-small:4.5em;--awb-background-color:var(--awb-color1);--awb-flex-wrap:wrap;\" ><div class=\"fusion-builder-row fusion-row fusion-flex-align-items-flex-start fusion-flex-content-wrap\" style=\"max-width:1248px;margin-left: calc(-4% \/ 2 );margin-right: calc(-4% \/ 2 );\"><div class=\"fusion-layout-column fusion_builder_column fusion-builder-column-1 fusion_builder_column_3_5 3_5 fusion-flex-column\" style=\"--awb-bg-size:cover;--awb-width-large:60%;--awb-margin-top-large:0px;--awb-spacing-right-large:3.2%;--awb-margin-bottom-large:0px;--awb-spacing-left-large:3.2%;--awb-width-medium:60%;--awb-order-medium:0;--awb-spacing-right-medium:3.2%;--awb-spacing-left-medium:3.2%;--awb-width-small:100%;--awb-order-small:0;--awb-spacing-right-small:1.92%;--awb-spacing-left-small:1.92%;\"><div class=\"fusion-column-wrapper fusion-column-has-shadow fusion-flex-justify-content-flex-start fusion-content-layout-column\"><div class=\"fusion-text fusion-text-1\" style=\"--awb-content-alignment:left;\"><h5 style=\"--fontsize: 20; line-height: 1.2; --minfontsize: 20; font-size: 22px; color: var(--awb-color6);\" data-fontsize=\"20\" data-lineheight=\"24px\" data-fusion-font=\"true\" data-mce-style=\"--fontsize: 20; line-height: 1.2; --minfontsize: 20; font-size: 22px; color: var(--awb-color6);\">Oui, nous voulons votre vieille voiture, qu&rsquo;elle soit en \u00e9tat de marche ou non !<\/h5>\n<p>Nous nous sommes associ\u00e9s \u00e0 <b>Donate a car Canada<\/b>, un service simple et efficace qui transforme votre v\u00e9hicule non d\u00e9sir\u00e9 en un don&nbsp; pour notre organisme. <span style=\"color: var(--awb-text-color); font-family: var(--awb-text-font-family); font-size: var(--awb-font-size); font-style: var(--awb-text-font-style); font-weight: var(--awb-text-font-weight); letter-spacing: var(--awb-letter-spacing); text-align: var(--awb-content-alignment); text-transform: var(--awb-text-transform); background-color: var(--awb-bg-color-hover);\" data-mce-style=\"color: var(--awb-text-color); font-family: var(--awb-text-font-family); font-size: var(--awb-font-size); font-style: var(--awb-text-font-style); font-weight: var(--awb-text-font-weight); letter-spacing: var(--awb-letter-spacing); text-align: var(--awb-content-alignment); text-transform: var(--awb-text-transform); background-color: var(--awb-bg-color-hover);\">Il vous suffit de visiter leur<\/span> <a href=\"https:\/\/donatecar.ca\/org\/donate.php?charitypage=1009&amp;oem=off\" style=\"font-family: var(--awb-text-font-family); font-size: var(--awb-font-size); font-style: var(--awb-text-font-style); font-weight: var(--awb-text-font-weight); letter-spacing: var(--awb-letter-spacing); text-align: var(--awb-content-alignment); text-transform: var(--awb-text-transform); background-color: var(--awb-bg-color-hover);\" data-mce-href=\"https:\/\/donatecar.ca\/org\/donate.php?charitypage=1009&amp;oem=off\" data-mce-style=\"font-family: var(--awb-text-font-family); font-size: var(--awb-font-size); font-style: var(--awb-text-font-style); font-weight: var(--awb-text-font-weight); letter-spacing: var(--awb-letter-spacing); text-align: var(--awb-content-alignment); text-transform: var(--awb-text-transform); background-color: var(--awb-bg-color-hover);\" data-mce- target=\"_blank\" rel=\"noopener\">site Web<\/a> <span style=\"color: var(--awb-text-color); font-family: var(--awb-text-font-family); font-size: var(--awb-font-size); font-style: var(--awb-text-font-style); font-weight: var(--awb-text-font-weight); letter-spacing: var(--awb-letter-spacing); text-align: var(--awb-content-alignment); text-transform: var(--awb-text-transform); background-color: var(--awb-bg-color-hover);\" data-mce-style=\"color: var(--awb-text-color); font-family: var(--awb-text-font-family); font-size: var(--awb-font-size); font-style: var(--awb-text-font-style); font-weight: var(--awb-text-font-weight); letter-spacing: var(--awb-letter-spacing); text-align: var(--awb-content-alignment); text-transform: var(--awb-text-transform); background-color: var(--awb-bg-color-hover);\">et de s\u00e9lectionner<\/span> <b style=\"color: var(--awb-text-color); font-family: var(--awb-text-font-family); font-size: var(--awb-font-size); font-style: var(--awb-text-font-style); letter-spacing: var(--awb-letter-spacing); text-align: var(--awb-content-alignment); text-transform: var(--awb-text-transform); background-color: var(--awb-bg-color-hover);\" data-mce-style=\"color: var(--awb-text-color); font-family: var(--awb-text-font-family); font-size: var(--awb-font-size); font-style: var(--awb-text-font-style); letter-spacing: var(--awb-letter-spacing); text-align: var(--awb-content-alignment); text-transform: var(--awb-text-transform); background-color: var(--awb-bg-color-hover);\">The Migration Research Foundation Inc.<\/b><span style=\"color: var(--awb-text-color); font-family: var(--awb-text-font-family); font-size: var(--awb-font-size); font-style: var(--awb-text-font-style); font-weight: var(--awb-text-font-weight); letter-spacing: var(--awb-letter-spacing); text-align: var(--awb-content-alignment); text-transform: var(--awb-text-transform); background-color: var(--awb-bg-color-hover);\" data-mce-style=\"color: var(--awb-text-color); font-family: var(--awb-text-font-family); font-size: var(--awb-font-size); font-style: var(--awb-text-font-style); font-weight: var(--awb-text-font-weight); letter-spacing: var(--awb-letter-spacing); text-align: var(--awb-content-alignment); text-transform: var(--awb-text-transform); background-color: var(--awb-bg-color-hover);\"> comme organisme de bienfaisance de votre choix<\/span>.<\/p>\n<h5><b style=\"color: var(--awb-color6); font-size: 20px;\" data-fusion-font=\"true\" data-mce-style=\"color: var(--awb-color6); font-size: 20px;\">Ils s&rsquo;occuperont de tout, y compris du remorquage gratuit et du traitement de tous les documents n\u00e9cessaires.<\/b><\/h5>\n<p>Vous recevrez un re\u00e7u fiscal pour votre don, ce qui vous permettra d&rsquo;avoir un impact tout en b\u00e9n\u00e9ficiant d&rsquo;une d\u00e9duction fiscale.<\/p>\n<p>Merci de soutenir notre mission de protection et d&rsquo;\u00e9tude des populations d&rsquo;oiseaux. Ensemble, nous pouvons faire la diff\u00e9rence !<\/p>\n<\/div><div ><a class=\"fusion-button button-flat fusion-button-default-size button-default fusion-button-default button-1 fusion-button-default-span fusion-button-default-type\" target=\"lightbox\" rel=\"iLightbox noopener\" href=\"https:\/\/donatecar.ca\/org\/donate.php?charitypage=1009&amp;oem=off\"><span class=\"fusion-button-text awb-button__text awb-button__text--default\">\n<p>Je veux donner ma voiture<\/p>\n<\/span><\/a><\/div><\/div><\/div><div class=\"fusion-layout-column fusion_builder_column fusion-builder-column-2 fusion_builder_column_2_5 2_5 fusion-flex-column fusion-flex-align-self-center\" style=\"--awb-bg-size:cover;--awb-width-large:40%;--awb-margin-top-large:0px;--awb-spacing-right-large:4.8%;--awb-margin-bottom-large:0px;--awb-spacing-left-large:4.8%;--awb-width-medium:40%;--awb-order-medium:0;--awb-spacing-right-medium:4.8%;--awb-spacing-left-medium:4.8%;--awb-width-small:100%;--awb-order-small:0;--awb-spacing-right-small:1.92%;--awb-spacing-left-small:1.92%;\"><div class=\"fusion-column-wrapper fusion-column-has-shadow fusion-flex-justify-content-flex-start fusion-content-layout-column\"><div class=\"fusion-image-element \" style=\"--awb-caption-title-font-family:var(--h2_typography-font-family);--awb-caption-title-font-weight:var(--h2_typography-font-weight);--awb-caption-title-font-style:var(--h2_typography-font-style);--awb-caption-title-size:var(--h2_typography-font-size);--awb-caption-title-transform:var(--h2_typography-text-transform);--awb-caption-title-line-height:var(--h2_typography-line-height);--awb-caption-title-letter-spacing:var(--h2_typography-letter-spacing);\"><span class=\" fusion-imageframe imageframe-none imageframe-1 hover-type-none\"><img decoding=\"async\" width=\"821\" height=\"1024\" title=\"426537591_712393841030341_1440493009479832341_n\" src=\"http:\/\/www.oommbo.org\/wp-content\/uploads\/2025\/01\/426537591_712393841030341_1440493009479832341_n-821x1024.jpg\" alt class=\"img-responsive wp-image-1549\" srcset=\"https:\/\/www.oommbo.org\/wp-content\/uploads\/2025\/01\/426537591_712393841030341_1440493009479832341_n-200x249.jpg 200w, https:\/\/www.oommbo.org\/wp-content\/uploads\/2025\/01\/426537591_712393841030341_1440493009479832341_n-400x499.jpg 400w, https:\/\/www.oommbo.org\/wp-content\/uploads\/2025\/01\/426537591_712393841030341_1440493009479832341_n-600x748.jpg 600w, https:\/\/www.oommbo.org\/wp-content\/uploads\/2025\/01\/426537591_712393841030341_1440493009479832341_n-800x997.jpg 800w, https:\/\/www.oommbo.org\/wp-content\/uploads\/2025\/01\/426537591_712393841030341_1440493009479832341_n.jpg 847w\" sizes=\"(max-width: 640px) 100vw, 600px\" \/><\/span><\/div><\/div><\/div><\/div><\/div><\/p>\n","protected":false},"excerpt":{"rendered":"","protected":false},"author":2,"featured_media":0,"parent":2403,"menu_order":0,"comment_status":"closed","ping_status":"closed","template":"100-width.php","meta":{"_acf_changed":false,"footnotes":""},"class_list":["post-2441","page","type-page","status-publish","hentry"],"acf":[],"_links":{"self":[{"href":"https:\/\/www.oommbo.org\/fr\/wp-json\/wp\/v2\/pages\/2441","targetHints":{"allow":["GET"]}}],"collection":[{"href":"https:\/\/www.oommbo.org\/fr\/wp-json\/wp\/v2\/pages"}],"about":[{"href":"https:\/\/www.oommbo.org\/fr\/wp-json\/wp\/v2\/types\/page"}],"author":[{"embeddable":true,"href":"https:\/\/www.oommbo.org\/fr\/wp-json\/wp\/v2\/users\/2"}],"replies":[{"embeddable":true,"href":"https:\/\/www.oommbo.org\/fr\/wp-json\/wp\/v2\/comments?post=2441"}],"version-history":[{"count":0,"href":"https:\/\/www.oommbo.org\/fr\/wp-json\/wp\/v2\/pages\/2441\/revisions"}],"up":[{"embeddable":true,"href":"https:\/\/www.oommbo.org\/fr\/wp-json\/wp\/v2\/pages\/2403"}],"wp:attachment":[{"href":"https:\/\/www.oommbo.org\/fr\/wp-json\/wp\/v2\/media?parent=2441"}],"curies":[{"name":"wp","href":"https:\/\/api.w.org\/{rel}","templated":true}]}}