{"id":2462,"date":"2024-04-24T13:13:17","date_gmt":"2024-04-24T17:13:17","guid":{"rendered":"http:\/\/www.oommbo.org\/programmes\/"},"modified":"2025-11-01T14:13:34","modified_gmt":"2025-11-01T18:13:34","slug":"programmes","status":"publish","type":"page","link":"https:\/\/www.oommbo.org\/fr\/programmes\/","title":{"rendered":"Programmes"},"content":{"rendered":"<p><div class=\"fusion-fullwidth fullwidth-box fusion-builder-row-1 fusion-flex-container has-pattern-background has-mask-background hundred-percent-fullwidth non-hundred-percent-height-scrolling\" style=\"--awb-border-radius-top-left:0px;--awb-border-radius-top-right:0px;--awb-border-radius-bottom-right:0px;--awb-border-radius-bottom-left:0px;--awb-padding-top:0px;--awb-padding-right:0px;--awb-padding-bottom:0px;--awb-padding-left:0px;--awb-margin-bottom:1em;--awb-margin-bottom-small:0px;--awb-min-height:318px;--awb-min-height-small:400px;--awb-background-image:linear-gradient(45deg, rgba(202,209,225,0.3) 0%,rgba(231,224,218,0.3) 65%);--awb-flex-wrap:wrap;\" ><div class=\"fusion-builder-row fusion-row fusion-flex-align-items-stretch fusion-flex-justify-content-space-between fusion-flex-content-wrap\" style=\"width:104% !important;max-width:104% !important;margin-left: calc(-4% \/ 2 );margin-right: calc(-4% \/ 2 );\"><div class=\"fusion-layout-column fusion_builder_column fusion-builder-column-0 fusion_builder_column_2_3 2_3 fusion-flex-column banner-text\" style=\"--awb-padding-top:3em;--awb-padding-bottom:1.5em;--awb-padding-left:15%;--awb-padding-top-small:1em;--awb-padding-bottom-small:1em;--awb-padding-left-small:30px;--awb-bg-color-small:var(--awb-color1);--awb-bg-size:cover;--awb-width-large:66.666666666667%;--awb-margin-top-large:0px;--awb-spacing-right-large:2.88%;--awb-margin-bottom-large:0px;--awb-spacing-left-large:2.88%;--awb-width-medium:66.666666666667%;--awb-order-medium:0;--awb-spacing-right-medium:2.88%;--awb-spacing-left-medium:2.88%;--awb-width-small:100%;--awb-order-small:2;--awb-spacing-right-small:1.92%;--awb-spacing-left-small:1.92%;\" data-scroll-devices=\"small-visibility,medium-visibility,large-visibility\"><div class=\"fusion-column-wrapper fusion-column-has-shadow fusion-flex-justify-content-flex-end fusion-content-layout-column\"><div class=\"fusion-title title fusion-title-1 fusion-sep-none fusion-title-text fusion-title-size-one\"><h1 class=\"fusion-title-heading title-heading-left fusion-responsive-typography-calculated\" style=\"margin:0;--fontSize:55;line-height:var(--awb-typography1-line-height);\">Programmes<\/h1><\/div><\/div><\/div><div class=\"fusion-layout-column fusion_builder_column fusion-builder-column-1 fusion_builder_column_1_3 1_3 fusion-flex-column banner-bird\" style=\"--awb-padding-top:0px;--awb-padding-bottom:0px;--awb-bg-image:url(&#039;http:\/\/www.oommbo.org\/wp-content\/uploads\/2024\/05\/Program_BannerBird2.svg&#039;);--awb-bg-size:cover;--awb-width-large:33.333333333333%;--awb-margin-top-large:0px;--awb-spacing-right-large:0px;--awb-margin-bottom-large:0px;--awb-spacing-left-large:5.76%;--awb-width-medium:33.333333333333%;--awb-order-medium:0;--awb-spacing-right-medium:0px;--awb-spacing-left-medium:5.76%;--awb-width-small:100%;--awb-order-small:1;--awb-spacing-right-small:1.92%;--awb-spacing-left-small:1.92%;\" data-scroll-devices=\"small-visibility,medium-visibility,large-visibility\"><div class=\"fusion-column-wrapper fusion-column-has-shadow fusion-flex-justify-content-flex-start fusion-content-layout-column fusion-empty-column-bg-image fusion-column-has-bg-image\" data-bg-url=\"http:\/\/www.oommbo.org\/wp-content\/uploads\/2024\/05\/Program_BannerBird2.svg\"><img decoding=\"async\" class=\"fusion-empty-dims-img-placeholder fusion-no-large-visibility fusion-no-medium-visibility\" aria-label=\"Program_BannerBird2\" src=\"data:image\/svg+xml,%3Csvg%20xmlns%3D%27http%3A%2F%2Fwww.w3.org%2F2000%2Fsvg%27%20width%3D%27464%27%20height%3D%27336%27%20viewBox%3D%270%200%20464%20336%27%3E%3Crect%20width%3D%27464%27%20height%3D%27336%27%20fill-opacity%3D%220%22%2F%3E%3C%2Fsvg%3E\"><\/div><\/div><\/div><\/div><div class=\"fusion-fullwidth fullwidth-box fusion-builder-row-2 fusion-flex-container has-pattern-background has-mask-background nonhundred-percent-fullwidth non-hundred-percent-height-scrolling\" style=\"--awb-border-radius-top-left:0px;--awb-border-radius-top-right:0px;--awb-border-radius-bottom-right:0px;--awb-border-radius-bottom-left:0px;--awb-flex-wrap:wrap;\" ><div class=\"fusion-builder-row fusion-row fusion-flex-align-items-flex-start fusion-flex-content-wrap\" style=\"max-width:1248px;margin-left: calc(-4% \/ 2 );margin-right: calc(-4% \/ 2 );\"><div class=\"fusion-layout-column fusion_builder_column fusion-builder-column-2 fusion_builder_column_1_2 1_2 fusion-flex-column\" style=\"--awb-bg-size:cover;--awb-width-large:50%;--awb-margin-top-large:0px;--awb-spacing-right-large:3.84%;--awb-margin-bottom-large:0px;--awb-spacing-left-large:3.84%;--awb-width-medium:50%;--awb-order-medium:0;--awb-spacing-right-medium:3.84%;--awb-spacing-left-medium:3.84%;--awb-width-small:100%;--awb-order-small:0;--awb-spacing-right-small:1.92%;--awb-spacing-left-small:1.92%;\"><div class=\"fusion-column-wrapper fusion-column-has-shadow fusion-flex-justify-content-flex-start fusion-content-layout-column\"><div class=\"fusion-title title fusion-title-2 fusion-sep-none fusion-title-text fusion-title-size-three\" style=\"--awb-text-color:var(--awb-color6);\"><h3 class=\"fusion-title-heading title-heading-left fusion-responsive-typography-calculated\" style=\"margin:0;--fontSize:35;line-height:var(--awb-typography1-line-height);\">Cycle Annuel<\/h3><\/div><div class=\"fusion-text fusion-text-1\"><p>Gr\u00e2ce \u00e0 la diversit\u00e9 de ses habitats, notre site constitue un refuge important pour les oiseaux de l\u2019\u00eele de Montr\u00e9al.<\/p>\n<p>Qu&rsquo;il s&rsquo;agisse d&rsquo;une halte pour les esp\u00e8ces migratrices qui se ravitaillent durant un long trajet, d&rsquo;un site de reproduction s\u00fbr ou d&rsquo;un refuge pendant les rudes journ\u00e9es d&rsquo;hiver, notre site a accueilli plus de 200 esp\u00e8ces d&rsquo;oiseaux depuis 2005.<\/p>\n<p>Nous profitons de leur pr\u00e9sence tout au long de l\u2019ann\u00e9e pour les \u00e9tudier gr\u00e2ce \u00e0 divers projets, ce qui nous permet de mieux comprendre leur comportement et les enjeux li\u00e9s \u00e0 leur protection \u00e0 chaque \u00e9tape de leur cycle de vie.<\/p>\n<p><span style=\"color: var(--h5_typography-color); font-family: var(--h5_typography-font-family); font-size: var(--h5_typography-font-size); font-style: var(--h5_typography-font-style,normal); font-weight: var(--h5_typography-font-weight); letter-spacing: var(--h5_typography-letter-spacing); text-transform: var(--h5_typography-text-transform); text-align: var(--awb-content-alignment); background-color: var(--awb-bg-color-medium-hover);\">Total d&rsquo;oiseaux bagu\u00e9s depuis 2005: 101 600 individus<\/span><\/p>\n<\/div><\/div><\/div><div class=\"fusion-layout-column fusion_builder_column fusion-builder-column-3 fusion_builder_column_1_2 1_2 fusion-flex-column\" style=\"--awb-bg-size:cover;--awb-width-large:50%;--awb-margin-top-large:0px;--awb-spacing-right-large:3.84%;--awb-margin-bottom-large:0px;--awb-spacing-left-large:3.84%;--awb-width-medium:50%;--awb-order-medium:0;--awb-spacing-right-medium:3.84%;--awb-spacing-left-medium:3.84%;--awb-width-small:100%;--awb-order-small:0;--awb-margin-top-small:2em;--awb-spacing-right-small:1.92%;--awb-spacing-left-small:1.92%;\" data-scroll-devices=\"small-visibility,medium-visibility,large-visibility\"><div class=\"fusion-column-wrapper fusion-column-has-shadow fusion-flex-justify-content-flex-start fusion-content-layout-column\"><div class=\"fusion-image-element \" style=\"text-align:right;--awb-caption-title-font-family:var(--h2_typography-font-family);--awb-caption-title-font-weight:var(--h2_typography-font-weight);--awb-caption-title-font-style:var(--h2_typography-font-style);--awb-caption-title-size:var(--h2_typography-font-size);--awb-caption-title-transform:var(--h2_typography-text-transform);--awb-caption-title-line-height:var(--h2_typography-line-height);--awb-caption-title-letter-spacing:var(--h2_typography-letter-spacing);\"><span class=\" fusion-imageframe imageframe-none imageframe-1 hover-type-none\"><img decoding=\"async\" width=\"2409\" height=\"2409\" title=\"Annual CycleV3\" src=\"http:\/\/www.oommbo.org\/wp-content\/uploads\/2024\/05\/Annual-CycleV3.png\" alt class=\"img-responsive wp-image-1111\" srcset=\"https:\/\/www.oommbo.org\/wp-content\/uploads\/2024\/05\/Annual-CycleV3-200x200.png 200w, https:\/\/www.oommbo.org\/wp-content\/uploads\/2024\/05\/Annual-CycleV3-400x400.png 400w, https:\/\/www.oommbo.org\/wp-content\/uploads\/2024\/05\/Annual-CycleV3-600x600.png 600w, https:\/\/www.oommbo.org\/wp-content\/uploads\/2024\/05\/Annual-CycleV3-800x800.png 800w, https:\/\/www.oommbo.org\/wp-content\/uploads\/2024\/05\/Annual-CycleV3-1200x1200.png 1200w, https:\/\/www.oommbo.org\/wp-content\/uploads\/2024\/05\/Annual-CycleV3.png 2409w\" sizes=\"(max-width: 640px) 100vw, 600px\" \/><\/span><\/div><\/div><\/div><\/div><\/div><div class=\"fusion-fullwidth fullwidth-box fusion-builder-row-3 fusion-flex-container has-pattern-background has-mask-background nonhundred-percent-fullwidth non-hundred-percent-height-scrolling\" style=\"--awb-border-radius-top-left:0px;--awb-border-radius-top-right:0px;--awb-border-radius-bottom-right:0px;--awb-border-radius-bottom-left:0px;--awb-padding-top:7em;--awb-padding-bottom:6.5em;--awb-padding-top-small:5em;--awb-padding-bottom-small:4.5em;--awb-background-color:rgba(166,194,188,0.4);--awb-flex-wrap:wrap;\" ><div class=\"fusion-builder-row fusion-row fusion-flex-align-items-flex-start fusion-flex-content-wrap\" style=\"max-width:1248px;margin-left: calc(-4% \/ 2 );margin-right: calc(-4% \/ 2 );\"><div class=\"fusion-layout-column fusion_builder_column fusion-builder-column-4 fusion_builder_column_1_1 1_1 fusion-flex-column\" style=\"--awb-bg-size:cover;--awb-width-large:100%;--awb-margin-top-large:0px;--awb-spacing-right-large:1.92%;--awb-margin-bottom-large:0px;--awb-spacing-left-large:1.92%;--awb-width-medium:100%;--awb-order-medium:0;--awb-spacing-right-medium:1.92%;--awb-spacing-left-medium:1.92%;--awb-width-small:100%;--awb-order-small:0;--awb-spacing-right-small:1.92%;--awb-spacing-left-small:1.92%;\"><div class=\"fusion-column-wrapper fusion-column-has-shadow fusion-flex-justify-content-flex-start fusion-content-layout-column\"><div class=\"fusion-title title fusion-title-3 fusion-sep-none fusion-title-center fusion-title-text fusion-title-size-three\"><h3 class=\"fusion-title-heading title-heading-center fusion-responsive-typography-calculated\" style=\"margin:0;--fontSize:35;line-height:var(--awb-typography1-line-height);\">Projets de surveillance en cours<\/h3><\/div><div class=\"fusion-text fusion-text-2\" style=\"--awb-content-alignment:center;\"><p>Nos principales activit\u00e9s portent sur les programmes standardis\u00e9s de suivi de la migration au printemps et \u00e0 l&rsquo;automne, ainsi que le programme MAPS, men\u00e9 durant l&rsquo;\u00e9t\u00e9, qui vise la surveillance de la productivit\u00e9 et de la survie des oiseaux nicheurs.<\/p>\n<p>Nous effectuons \u00e9galement un programme de suivi de la migration de la petite nyctale en automne, le suivi du succ\u00e8s reproducteur dans nos nichoirs en \u00e9t\u00e9 et la surveillance de l\u2019activit\u00e9 aux mangeoires durant l\u2019hiver.<\/p>\n<\/div><div class=\"fusion-content-boxes content-boxes columns row fusion-columns-4 fusion-columns-total-4 fusion-content-boxes-1 content-boxes-clean-horizontal content-left content-boxes-icon-on-side has-flex-alignment\" style=\"--awb-backgroundcolor:var(--awb-color2);--awb-border-radius-top-left:0px;--awb-border-radius-top-right:0px;--awb-border-radius-bottom-right:0px;--awb-border-radius-bottom-left:0px;--awb-alignment:stretch;--awb-body-color:var(--awb-color6);--awb-title-color:var(--awb-color6);--awb-item-margin-top:10px;--awb-item-margin-bottom:10px;--awb-margin-top:10px;--awb-margin-bottom:10px;--awb-hover-accent-color:var(--awb-color1);--awb-circle-hover-accent-color:var(--awb-color1);\" data-animationOffset=\"top-into-view\"><div style=\"--awb-backgroundcolor:var(--awb-color2);border-color:rgba(255,255,255,0);\" class=\"fusion-column content-box-column content-box-column content-box-column-1 col-lg-3 col-md-3 col-sm-3 fusion-content-box-hover content-box-column-first-in-row\"><div class=\"col content-box-wrapper content-wrapper-background link-area-box link-type-text content-icon-wrapper-yes icon-hover-animation-fade\" data-link=\"http:\/\/www.oommbo.org\/fr\/programmes\/suivi-de-la-migration\/\" data-link-target=\"_blank\" data-animationOffset=\"top-into-view\"><div class=\"heading icon-left\"><a class=\"heading-link\" href=\"http:\/\/www.oommbo.org\/fr\/programmes\/suivi-de-la-migration\/\" target=\"_blank\" rel=\"noopener noreferrer\"><h3 class=\"content-box-heading fusion-responsive-typography-calculated\" style=\"--h3_typography-font-size:32px;--fontSize:32;line-height:var(--awb-typography1-line-height);\">Suivi de la Migration<\/h3><\/a><\/div><div class=\"fusion-clearfix\"><\/div><div class=\"content-container\">\n<p style=\"text-align: left;\">Au printemps et \u00e0 l&rsquo;automne, les esp\u00e8ces bor\u00e9ales s&rsquo;arr\u00eatent \u00e0 l&rsquo;observatoire pour se ravitailler, s&rsquo;abriter et, pour certaines d&rsquo;entre elles, muer leurs plumes de vol.<\/p>\n<p>Chaque matin, nous sommes l\u00e0 pour suivre leur migration.<\/div><div class=\"fusion-clearfix\"><\/div><a class=\" fusion-read-more\" style=\"margin-left:20px;\" href=\"http:\/\/www.oommbo.org\/fr\/programmes\/suivi-de-la-migration\/\" target=\"_blank\" rel=\"noopener noreferrer\">En savoir plus<\/a><div class=\"fusion-clearfix\"><\/div><\/div><\/div><div style=\"--awb-backgroundcolor:var(--awb-color2);border-color:rgba(255,255,255,0);\" class=\"fusion-column content-box-column content-box-column content-box-column-2 col-lg-3 col-md-3 col-sm-3 fusion-content-box-hover \"><div class=\"col content-box-wrapper content-wrapper-background link-area-box link-type-text content-icon-wrapper-yes icon-hover-animation-fade\" data-link=\"http:\/\/www.oommbo.org\/fr\/programmes\/suivi-de-la-petite-nyctale\/\" data-link-target=\"_self\" data-animationOffset=\"top-into-view\"><div class=\"heading icon-left\"><a class=\"heading-link\" href=\"http:\/\/www.oommbo.org\/fr\/programmes\/suivi-de-la-petite-nyctale\/\" target=\"_self\"><h3 class=\"content-box-heading fusion-responsive-typography-calculated\" style=\"--h3_typography-font-size:32px;--fontSize:32;line-height:var(--awb-typography1-line-height);\">Suivi de la Petite Nyctale<\/h3><\/a><\/div><div class=\"fusion-clearfix\"><\/div><div class=\"content-container\">\nLa nuit, pendant six semaines durant l&rsquo;automne, nous avons le privil\u00e8ge de baguer la plus petite chouette de l&rsquo;est de l&rsquo;Am\u00e9rique du Nord.<\/p>\n<p>Nous collaborons au projet Owlnet pour mieux comprendre la migration de cette esp\u00e8ce fascinante.<\/div><div class=\"fusion-clearfix\"><\/div><a class=\" fusion-read-more\" style=\"margin-left:20px;\" href=\"http:\/\/www.oommbo.org\/fr\/programmes\/suivi-de-la-petite-nyctale\/\" target=\"_self\">En savoir plus<\/a><div class=\"fusion-clearfix\"><\/div><\/div><\/div><div style=\"--awb-backgroundcolor:var(--awb-color2);border-color:rgba(255,255,255,0);\" class=\"fusion-column content-box-column content-box-column content-box-column-3 col-lg-3 col-md-3 col-sm-3 fusion-content-box-hover \"><div class=\"col content-box-wrapper content-wrapper-background link-area-box link-type-text content-icon-wrapper-yes icon-hover-animation-fade\" data-link=\"http:\/\/www.oommbo.org\/fr\/programmes\/suivi-des-oiseaux-nicheurs\/\" data-link-target=\"_self\" data-animationOffset=\"top-into-view\"><div class=\"heading icon-left\"><a class=\"heading-link\" href=\"http:\/\/www.oommbo.org\/fr\/programmes\/suivi-des-oiseaux-nicheurs\/\" target=\"_self\"><h3 class=\"content-box-heading fusion-responsive-typography-calculated\" style=\"--h3_typography-font-size:32px;--fontSize:32;line-height:var(--awb-typography1-line-height);\">Surveillance de la Productivit\u00e9 Aviaire<\/h3><\/a><\/div><div class=\"fusion-clearfix\"><\/div><div class=\"content-container\">\nEn \u00e9t\u00e9, nous effectuons le protocole MAPS de l&rsquo;Institute for Bird Population (IBP) afin de connaitre la productivit\u00e9 et la survie des oiseaux nicheurs sur notre site.<\/p>\n<p>Nous \u00e9valuons \u00e9galement le succ\u00e8s de la reproduction des hirondelles bicolores et de d&rsquo;autres esp\u00e8ces \u00e0 nos nichoirs.<\/div><div class=\"fusion-clearfix\"><\/div><a class=\" fusion-read-more\" style=\"margin-left:20px;\" href=\"http:\/\/www.oommbo.org\/fr\/programmes\/suivi-des-oiseaux-nicheurs\/\" target=\"_self\">En savoir plus<\/a><div class=\"fusion-clearfix\"><\/div><\/div><\/div><div style=\"--awb-backgroundcolor:var(--awb-color2);border-color:rgba(255,255,255,0);\" class=\"fusion-column content-box-column content-box-column content-box-column-4 col-lg-3 col-md-3 col-sm-3 fusion-content-box-hover content-box-column-last content-box-column-last-in-row\"><div class=\"col content-box-wrapper content-wrapper-background link-area-box link-type-text content-icon-wrapper-yes icon-hover-animation-fade\" data-link=\"http:\/\/www.oommbo.org\/fr\/programmes\/suivi-des-oiseaux-dhiver\/\" data-link-target=\"_self\" data-animationOffset=\"top-into-view\"><div class=\"heading icon-left\"><a class=\"heading-link\" href=\"http:\/\/www.oommbo.org\/fr\/programmes\/suivi-des-oiseaux-dhiver\/\" target=\"_self\"><h3 class=\"content-box-heading fusion-responsive-typography-calculated\" style=\"--h3_typography-font-size:32px;--fontSize:32;line-height:var(--awb-typography1-line-height);\">Suivi des Oiseaux d&#039;Hiver<\/h3><\/a><\/div><div class=\"fusion-clearfix\"><\/div><div class=\"content-container\">\nPendant les mois plus froids, nous effectuons un suivi des oiseaux r\u00e9sidents sur notre site et pr\u00e9sents \u00e0 nos mangeoires.<\/p>\n<p>Durant les journ\u00e9es plus cl\u00e9mentes, nous avons m\u00eame la possibilit\u00e9 de les baguer.<\/div><div class=\"fusion-clearfix\"><\/div><a class=\" fusion-read-more\" style=\"margin-left:20px;\" href=\"http:\/\/www.oommbo.org\/fr\/programmes\/suivi-des-oiseaux-dhiver\/\" target=\"_self\">En savoir plus<\/a><div class=\"fusion-clearfix\"><\/div><\/div><\/div><div class=\"fusion-clearfix\"><\/div><\/div><\/div><\/div><\/div><\/div><div class=\"fusion-fullwidth fullwidth-box fusion-builder-row-4 fusion-flex-container has-pattern-background has-mask-background nonhundred-percent-fullwidth non-hundred-percent-height-scrolling\" style=\"--awb-border-radius-top-left:0px;--awb-border-radius-top-right:0px;--awb-border-radius-bottom-right:0px;--awb-border-radius-bottom-left:0px;--awb-flex-wrap:wrap;\" ><div class=\"fusion-builder-row fusion-row fusion-flex-align-items-flex-start fusion-flex-content-wrap\" style=\"max-width:1248px;margin-left: calc(-4% \/ 2 );margin-right: calc(-4% \/ 2 );\"><div class=\"fusion-layout-column fusion_builder_column fusion-builder-column-5 fusion_builder_column_1_2 1_2 fusion-flex-column\" style=\"--awb-bg-size:cover;--awb-width-large:50%;--awb-margin-top-large:0px;--awb-spacing-right-large:3.84%;--awb-margin-bottom-large:0px;--awb-spacing-left-large:3.84%;--awb-width-medium:50%;--awb-order-medium:0;--awb-spacing-right-medium:3.84%;--awb-spacing-left-medium:3.84%;--awb-width-small:100%;--awb-order-small:0;--awb-spacing-right-small:1.92%;--awb-spacing-left-small:1.92%;\"><div class=\"fusion-column-wrapper fusion-column-has-shadow fusion-flex-justify-content-flex-start fusion-content-layout-column\"><div class=\"fusion-title title fusion-title-4 fusion-sep-none fusion-title-text fusion-title-size-three\" style=\"--awb-text-color:var(--awb-color6);\"><h3 class=\"fusion-title-heading title-heading-left fusion-responsive-typography-calculated\" style=\"margin:0;--fontSize:35;line-height:var(--awb-typography1-line-height);\">Autres projets et partenariats<\/h3><\/div><div class=\"fusion-text fusion-text-3\"><p>L&rsquo;expertise de notre \u00e9quipe nous a permis de participer \u00e0 divers projets et partenariats au cours des derni\u00e8res ann\u00e9es, en compl\u00e9ment de nos programme.<\/p>\n<\/div><\/div><\/div><div class=\"fusion-layout-column fusion_builder_column fusion-builder-column-6 fusion_builder_column_2_5 2_5 fusion-flex-column\" style=\"--awb-bg-size:cover;--awb-width-large:40%;--awb-margin-top-large:0px;--awb-spacing-right-large:4.8%;--awb-margin-bottom-large:0px;--awb-spacing-left-large:4.8%;--awb-width-medium:40%;--awb-order-medium:0;--awb-spacing-right-medium:4.8%;--awb-spacing-left-medium:4.8%;--awb-width-small:100%;--awb-order-small:0;--awb-spacing-right-small:1.92%;--awb-spacing-left-small:1.92%;\"><div class=\"fusion-column-wrapper fusion-column-has-shadow fusion-flex-justify-content-flex-start fusion-content-layout-column\"><div class=\"fusion-image-element \" style=\"--awb-caption-title-font-family:var(--h2_typography-font-family);--awb-caption-title-font-weight:var(--h2_typography-font-weight);--awb-caption-title-font-style:var(--h2_typography-font-style);--awb-caption-title-size:var(--h2_typography-font-size);--awb-caption-title-transform:var(--h2_typography-text-transform);--awb-caption-title-line-height:var(--h2_typography-line-height);--awb-caption-title-letter-spacing:var(--h2_typography-letter-spacing);\"><span class=\" fusion-imageframe imageframe-none imageframe-2 hover-type-none\" style=\"border:8px solid var(--awb-color3);\"><img decoding=\"async\" width=\"2048\" height=\"1536\" title=\"DSCF5504\" src=\"http:\/\/www.oommbo.org\/wp-content\/uploads\/2025\/04\/DSCF5504.jpg\" alt class=\"img-responsive wp-image-2531\" srcset=\"https:\/\/www.oommbo.org\/wp-content\/uploads\/2025\/04\/DSCF5504-200x150.jpg 200w, https:\/\/www.oommbo.org\/wp-content\/uploads\/2025\/04\/DSCF5504-400x300.jpg 400w, https:\/\/www.oommbo.org\/wp-content\/uploads\/2025\/04\/DSCF5504-600x450.jpg 600w, https:\/\/www.oommbo.org\/wp-content\/uploads\/2025\/04\/DSCF5504-800x600.jpg 800w, https:\/\/www.oommbo.org\/wp-content\/uploads\/2025\/04\/DSCF5504-1200x900.jpg 1200w, https:\/\/www.oommbo.org\/wp-content\/uploads\/2025\/04\/DSCF5504.jpg 2048w\" sizes=\"(max-width: 640px) 100vw, 600px\" \/><\/span><\/div><\/div><\/div><div class=\"fusion-layout-column fusion_builder_column fusion-builder-column-7 fusion_builder_column_1_1 1_1 fusion-flex-column\" style=\"--awb-bg-size:cover;--awb-width-large:100%;--awb-margin-top-large:0px;--awb-spacing-right-large:1.92%;--awb-margin-bottom-large:0px;--awb-spacing-left-large:1.92%;--awb-width-medium:100%;--awb-order-medium:0;--awb-spacing-right-medium:1.92%;--awb-spacing-left-medium:1.92%;--awb-width-small:100%;--awb-order-small:0;--awb-spacing-right-small:1.92%;--awb-spacing-left-small:1.92%;\"><div class=\"fusion-column-wrapper fusion-column-has-shadow fusion-flex-justify-content-flex-start fusion-content-layout-column\"><div class=\"fusion-text fusion-text-4\"><ul>\n<li>Surveillance de la reproduction \u00e0 la Mont\u00e9e Biggar &#8211; Sanctuaire ornithologique de Protection des Oiseaux du Qu\u00e9bec<\/li>\n<li>Baguage des oisillons faucon p\u00e8lerin &#8211; Universit\u00e9 de Montr\u00e9al<\/li>\n<li>Baguage des oiseaux r\u00e9habilit\u00e9s &#8211; Le Nichoir<\/li>\n<li>Baguage des oisillons de cr\u00e9cerelle d&rsquo;Am\u00e9rique &#8211; Association des Fauconniers et Autoursiers du Qu\u00e9bec<\/li>\n<li>Suivi des plectrophanes des neiges &#8211; R\u00e9seau des plectrophanes des neiges<\/li>\n<li>\u00c9chantillonnage des plumes et des parasites &#8211; voir la section Recherche<\/li>\n<li>La nuit des chercheuses et chercheurs &#8211; Espace pour la vie<\/li>\n<\/ul>\n<\/div><\/div><\/div><\/div><\/div><\/p>\n","protected":false},"excerpt":{"rendered":"","protected":false},"author":1,"featured_media":0,"parent":0,"menu_order":0,"comment_status":"closed","ping_status":"closed","template":"100-width.php","meta":{"_acf_changed":false,"footnotes":""},"class_list":["post-2462","page","type-page","status-publish","hentry"],"acf":[],"_links":{"self":[{"href":"https:\/\/www.oommbo.org\/fr\/wp-json\/wp\/v2\/pages\/2462","targetHints":{"allow":["GET"]}}],"collection":[{"href":"https:\/\/www.oommbo.org\/fr\/wp-json\/wp\/v2\/pages"}],"about":[{"href":"https:\/\/www.oommbo.org\/fr\/wp-json\/wp\/v2\/types\/page"}],"author":[{"embeddable":true,"href":"https:\/\/www.oommbo.org\/fr\/wp-json\/wp\/v2\/users\/1"}],"replies":[{"embeddable":true,"href":"https:\/\/www.oommbo.org\/fr\/wp-json\/wp\/v2\/comments?post=2462"}],"version-history":[{"count":0,"href":"https:\/\/www.oommbo.org\/fr\/wp-json\/wp\/v2\/pages\/2462\/revisions"}],"wp:attachment":[{"href":"https:\/\/www.oommbo.org\/fr\/wp-json\/wp\/v2\/media?parent=2462"}],"curies":[{"name":"wp","href":"https:\/\/api.w.org\/{rel}","templated":true}]}}