{"id":2950,"date":"2025-10-22T09:53:51","date_gmt":"2025-10-22T13:53:51","guid":{"rendered":"http:\/\/www.oommbo.org\/comment-aider\/collectes-de-fonds\/parrainez-une-petite-nyctale\/"},"modified":"2025-10-22T13:25:36","modified_gmt":"2025-10-22T17:25:36","slug":"parrainez-une-petite-nyctale","status":"publish","type":"page","link":"https:\/\/www.oommbo.org\/fr\/comment-aider\/collectes-de-fonds\/parrainez-une-petite-nyctale\/","title":{"rendered":"Parrainez une Petite Nyctale"},"content":{"rendered":"<p><div class=\"fusion-fullwidth fullwidth-box fusion-builder-row-1 fusion-flex-container has-pattern-background has-mask-background video-cont nonhundred-percent-fullwidth non-hundred-percent-height-scrolling\" style=\"--awb-border-radius-top-left:0px;--awb-border-radius-top-right:0px;--awb-border-radius-bottom-right:0px;--awb-border-radius-bottom-left:0px;--awb-padding-top:5em;--awb-padding-bottom:5em;--awb-padding-top-small:2em;--awb-flex-wrap:wrap;\" id=\"adoptions\" ><div class=\"fusion-builder-row fusion-row fusion-flex-align-items-stretch fusion-flex-content-wrap\" style=\"max-width:1248px;margin-left: calc(-4% \/ 2 );margin-right: calc(-4% \/ 2 );\"><div class=\"fusion-layout-column fusion_builder_column fusion-builder-column-0 fusion_builder_column_1_2 1_2 fusion-flex-column\" style=\"--awb-bg-size:cover;--awb-width-large:50%;--awb-margin-top-large:0px;--awb-spacing-right-large:3.84%;--awb-margin-bottom-large:0px;--awb-spacing-left-large:3.84%;--awb-width-medium:50%;--awb-order-medium:0;--awb-spacing-right-medium:3.84%;--awb-spacing-left-medium:3.84%;--awb-width-small:100%;--awb-order-small:0;--awb-spacing-right-small:1.92%;--awb-spacing-left-small:1.92%;\"><div class=\"fusion-column-wrapper fusion-column-has-shadow fusion-flex-justify-content-flex-start fusion-content-layout-column\"><div class=\"fusion-image-element \" style=\"--awb-aspect-ratio:3 \/ 2;--awb-caption-title-font-family:var(--h2_typography-font-family);--awb-caption-title-font-weight:var(--h2_typography-font-weight);--awb-caption-title-font-style:var(--h2_typography-font-style);--awb-caption-title-size:var(--h2_typography-font-size);--awb-caption-title-transform:var(--h2_typography-text-transform);--awb-caption-title-line-height:var(--h2_typography-line-height);--awb-caption-title-letter-spacing:var(--h2_typography-letter-spacing);\"><span class=\" fusion-imageframe imageframe-none imageframe-1 hover-type-none has-aspect-ratio fancy-border\"><img decoding=\"async\" width=\"600\" height=\"750\" title=\"DSCF6390-Enhanced-NR-2\" src=\"http:\/\/www.oommbo.org\/wp-content\/uploads\/2025\/10\/DSCF6390-Enhanced-NR-2-600x750.jpg\" class=\"img-responsive wp-image-2940 img-with-aspect-ratio\" data-parent-fit=\"cover\" data-parent-container=\".fusion-image-element\" alt srcset=\"https:\/\/www.oommbo.org\/wp-content\/uploads\/2025\/10\/DSCF6390-Enhanced-NR-2-200x250.jpg 200w, https:\/\/www.oommbo.org\/wp-content\/uploads\/2025\/10\/DSCF6390-Enhanced-NR-2-400x500.jpg 400w, https:\/\/www.oommbo.org\/wp-content\/uploads\/2025\/10\/DSCF6390-Enhanced-NR-2-600x750.jpg 600w, https:\/\/www.oommbo.org\/wp-content\/uploads\/2025\/10\/DSCF6390-Enhanced-NR-2-800x1000.jpg 800w, https:\/\/www.oommbo.org\/wp-content\/uploads\/2025\/10\/DSCF6390-Enhanced-NR-2-1200x1500.jpg 1200w, https:\/\/www.oommbo.org\/wp-content\/uploads\/2025\/10\/DSCF6390-Enhanced-NR-2.jpg 1638w\" sizes=\"(max-width: 640px) 100vw, 600px\" \/><\/span><\/div><\/div><\/div><div class=\"fusion-layout-column fusion_builder_column fusion-builder-column-1 fusion_builder_column_1_2 1_2 fusion-flex-column\" style=\"--awb-bg-size:cover;--awb-width-large:50%;--awb-margin-top-large:0px;--awb-spacing-right-large:3.84%;--awb-margin-bottom-large:0px;--awb-spacing-left-large:3.84%;--awb-width-medium:50%;--awb-order-medium:0;--awb-spacing-right-medium:3.84%;--awb-spacing-left-medium:3.84%;--awb-width-small:100%;--awb-order-small:0;--awb-margin-top-small:3.5em;--awb-spacing-right-small:1.92%;--awb-spacing-left-small:1.92%;\" data-scroll-devices=\"small-visibility,medium-visibility,large-visibility\"><div class=\"fusion-column-wrapper fusion-column-has-shadow fusion-flex-justify-content-center fusion-content-layout-column\"><div class=\"fusion-title title fusion-title-1 fusion-sep-none fusion-title-text fusion-title-size-three\"><h3 class=\"fusion-title-heading title-heading-left fusion-responsive-typography-calculated\" style=\"margin:0;--fontSize:35;line-height:var(--awb-typography1-line-height);\">Parrainez une Petite Nyctale<\/h3><\/div><div class=\"fusion-text fusion-text-1\"><p>D\u00e9couvrez la nature autrement en parrainant une chouette cet automne ! Notre programme de parrainage de la petite nyctale permet non seulement de soutenir la recherche essentielle sur la migration de cette esp\u00e8ce, mais aussi de vous offrir une exp\u00e9rience unique et inoubliable avec ces fascinants oiseaux nocturnes.<\/p>\n<\/div><\/div><\/div><\/div><\/div><div class=\"fusion-fullwidth fullwidth-box fusion-builder-row-2 fusion-flex-container has-pattern-background has-mask-background nonhundred-percent-fullwidth non-hundred-percent-height-scrolling\" style=\"--awb-border-radius-top-left:0px;--awb-border-radius-top-right:0px;--awb-border-radius-bottom-right:0px;--awb-border-radius-bottom-left:0px;--awb-flex-wrap:wrap;\" ><div class=\"fusion-builder-row fusion-row fusion-flex-align-items-flex-start fusion-flex-content-wrap\" style=\"max-width:1248px;margin-left: calc(-4% \/ 2 );margin-right: calc(-4% \/ 2 );\"><div class=\"fusion-layout-column fusion_builder_column fusion-builder-column-2 fusion_builder_column_1_1 1_1 fusion-flex-column\" style=\"--awb-bg-size:cover;--awb-width-large:100%;--awb-margin-top-large:0px;--awb-spacing-right-large:1.92%;--awb-margin-bottom-large:0px;--awb-spacing-left-large:1.92%;--awb-width-medium:100%;--awb-order-medium:0;--awb-spacing-right-medium:1.92%;--awb-spacing-left-medium:1.92%;--awb-width-small:100%;--awb-order-small:0;--awb-spacing-right-small:1.92%;--awb-spacing-left-small:1.92%;\"><div class=\"fusion-column-wrapper fusion-column-has-shadow fusion-flex-justify-content-flex-start fusion-content-layout-column\"><div class=\"fusion-section-separator section-separator triangle fusion-section-separator-1\" style=\"--awb-border-top:1px solid var(--awb-color3);--awb-spacer-height:1px;--awb-svg-margin-left:1.92%;--awb-svg-margin-right:1.92%;--awb-svg-margin-left-medium:1.92%;--awb-svg-margin-right-medium:1.92%;--awb-svg-margin-left-small:1.92%;--awb-svg-margin-right-small:1.92%;--awb-icon-color:var(--awb-color1);\"><div class=\"fusion-section-separator-svg\"><div class=\"divider-candy-arrow top\" style=\"bottom:0px;border-bottom-color: var(--awb-color2);\"><\/div><div class=\"divider-candy top\" style=\"top:-21px;border-bottom:1px solid var(--awb-color3);border-left:1px solid var(--awb-color3);\"><\/div><\/div><div class=\"fusion-section-separator-spacer\"><div class=\"fusion-section-separator-spacer-height\"><\/div><\/div><\/div><\/div><\/div><\/div><\/div><div class=\"fusion-fullwidth fullwidth-box fusion-builder-row-3 fusion-flex-container has-pattern-background has-mask-background video-cont nonhundred-percent-fullwidth non-hundred-percent-height-scrolling\" style=\"--awb-border-radius-top-left:0px;--awb-border-radius-top-right:0px;--awb-border-radius-bottom-right:0px;--awb-border-radius-bottom-left:0px;--awb-padding-top:5em;--awb-padding-bottom:5em;--awb-padding-top-small:2em;--awb-flex-wrap:wrap;\" id=\"adoptions\" ><div class=\"fusion-builder-row fusion-row fusion-flex-align-items-stretch fusion-flex-content-wrap\" style=\"max-width:1248px;margin-left: calc(-4% \/ 2 );margin-right: calc(-4% \/ 2 );\"><div class=\"fusion-layout-column fusion_builder_column fusion-builder-column-3 fusion_builder_column_1_2 1_2 fusion-flex-column\" style=\"--awb-bg-size:cover;--awb-width-large:50%;--awb-margin-top-large:0px;--awb-spacing-right-large:3.84%;--awb-margin-bottom-large:0px;--awb-spacing-left-large:3.84%;--awb-width-medium:50%;--awb-order-medium:0;--awb-spacing-right-medium:3.84%;--awb-spacing-left-medium:3.84%;--awb-width-small:100%;--awb-order-small:0;--awb-margin-top-small:3.5em;--awb-spacing-right-small:1.92%;--awb-spacing-left-small:1.92%;\" data-scroll-devices=\"small-visibility,medium-visibility,large-visibility\"><div class=\"fusion-column-wrapper fusion-column-has-shadow fusion-flex-justify-content-center fusion-content-layout-column\"><div class=\"fusion-title title fusion-title-2 fusion-sep-none fusion-title-text fusion-title-size-three\"><h3 class=\"fusion-title-heading title-heading-left fusion-responsive-typography-calculated\" style=\"margin:0;--fontSize:35;line-height:var(--awb-typography1-line-height);\">Visite Priv\u00e9e en Soir\u00e9e<\/h3><\/div><div class=\"fusion-text fusion-text-2\"><p>Soutenez les efforts de conservation tout en vivant une exp\u00e9rience inoubliable. Pour un don minimum de 100 $, vous et un proche \u00eates invit\u00e9s \u00e0 visiter l&rsquo;OOM en soir\u00e9e pour assister au baguage des chouettes.<\/p>\n<p><span style=\"background-color: rgba(0, 0, 0, 0);\"><b>Qu\u2019est-ce qui est inclus avec un billet\u202f ? <\/b><\/span><\/p>\n<ul>\n<li><span style=\"background-color: rgba(0, 0, 0, 0);\">Une chouette parrain\u00e9e<\/span><\/li>\n<li>Une visite en soir\u00e9e pour le parrain et un\u00b7e accompagnateur\u00b7rice<\/li>\n<li>Le parrain peut \u00eatre accompagn\u00e9 d\u2019un adulte ou d\u2019un enfant<\/li>\n<\/ul>\n<\/div><div ><a class=\"fusion-button button-flat fusion-button-default-size button-default fusion-button-default button-1 fusion-button-default-span fusion-button-default-type\" target=\"_blank\" rel=\"noopener noreferrer\" href=\"https:\/\/www.zeffy.com\/fr-CA\/ticketing\/parrainez-une-nyctale-soiree-privee--2025\"><span class=\"fusion-button-text awb-button__text awb-button__text--default\">Je veux vous rendre visite !<\/span><\/a><\/div><\/div><\/div><div class=\"fusion-layout-column fusion_builder_column fusion-builder-column-4 fusion_builder_column_1_2 1_2 fusion-flex-column\" style=\"--awb-bg-size:cover;--awb-width-large:50%;--awb-margin-top-large:0px;--awb-spacing-right-large:3.84%;--awb-margin-bottom-large:0px;--awb-spacing-left-large:3.84%;--awb-width-medium:50%;--awb-order-medium:0;--awb-spacing-right-medium:3.84%;--awb-spacing-left-medium:3.84%;--awb-width-small:100%;--awb-order-small:0;--awb-margin-top-small:3.5em;--awb-spacing-right-small:1.92%;--awb-spacing-left-small:1.92%;\" data-scroll-devices=\"small-visibility,medium-visibility,large-visibility\"><div class=\"fusion-column-wrapper fusion-column-has-shadow fusion-flex-justify-content-center fusion-content-layout-column\"><div class=\"fusion-title title fusion-title-3 fusion-sep-none fusion-title-text fusion-title-size-three\"><h3 class=\"fusion-title-heading title-heading-left fusion-responsive-typography-calculated\" style=\"margin:0;--fontSize:35;line-height:var(--awb-typography1-line-height);\">Adoption d&rsquo;une Chouette seulement<\/h3><\/div><div class=\"fusion-text fusion-text-3\"><p>Vous ne pouvez vous d\u00e9placer jusqu&rsquo;\u00e0 l\u2019observatoire en soir\u00e9e\u202f? Vous pouvez tout de m\u00eame soutenir notre programme de migration en adoptant symboliquement une Petite Nyctale pour un don minimum de 60\u202f$.<\/p>\n<p><b>Qu\u2019est-ce qui est inclus avec une adoption ? <\/b><\/p>\n<ul>\n<li>Vous recevrez un certificat num\u00e9rique personnalis\u00e9 avec une photo de votre chouette et ses informations.<\/li>\n<li>Vous serez notifi\u00e9 en priorit\u00e9 si votre chouette est recaptur\u00e9e.<\/li>\n<\/ul>\n<\/div><div ><a class=\"fusion-button button-flat fusion-button-default-size button-default fusion-button-default button-2 fusion-button-default-span fusion-button-default-type\" target=\"_blank\" rel=\"noopener noreferrer\" href=\"https:\/\/www.zeffy.com\/fr-CA\/ticketing\/7cb9cc0a-8428-4547-8559-443490895246\"><span class=\"fusion-button-text awb-button__text awb-button__text--default\">Je veux uniquement adopter une chouette !<\/span><\/a><\/div><\/div><\/div><\/div><\/div><div class=\"fusion-fullwidth fullwidth-box fusion-builder-row-4 fusion-flex-container has-pattern-background has-mask-background nonhundred-percent-fullwidth non-hundred-percent-height-scrolling\" style=\"--awb-border-radius-top-left:0px;--awb-border-radius-top-right:0px;--awb-border-radius-bottom-right:0px;--awb-border-radius-bottom-left:0px;--awb-padding-top:7em;--awb-padding-bottom:6.5em;--awb-padding-top-small:5em;--awb-padding-bottom-small:4.5em;--awb-background-color:var(--awb-color3);--awb-flex-wrap:wrap;\" id=\"details_olympics\" ><div class=\"fusion-builder-row fusion-row fusion-flex-align-items-flex-start fusion-flex-content-wrap\" style=\"max-width:1248px;margin-left: calc(-4% \/ 2 );margin-right: calc(-4% \/ 2 );\"><div class=\"fusion-layout-column fusion_builder_column fusion-builder-column-5 fusion_builder_column_2_5 2_5 fusion-flex-column presentation\" style=\"--awb-bg-size:cover;--awb-border-color:#214645;--awb-border-color-hover:var(--awb-color3);--awb-border-top:0;--awb-border-right:0;--awb-border-bottom:0;--awb-border-left:0;--awb-border-style:solid;--awb-width-large:40%;--awb-margin-top-large:0px;--awb-spacing-right-large:4.8%;--awb-margin-bottom-large:4em;--awb-spacing-left-large:4.8%;--awb-width-medium:40%;--awb-order-medium:0;--awb-spacing-right-medium:4.8%;--awb-spacing-left-medium:4.8%;--awb-width-small:100%;--awb-order-small:0;--awb-spacing-right-small:2em;--awb-spacing-left-small:1.92%;\" data-scroll-devices=\"small-visibility,medium-visibility,large-visibility\"><div class=\"fusion-column-wrapper fusion-column-has-shadow fusion-flex-justify-content-flex-start fusion-content-layout-column\"><div class=\"fusion-text fusion-text-4\" style=\"--awb-content-alignment:left;\"><h5 class=\"fusion-responsive-typography-calculated\" style=\"--fontsize: 30; line-height: 1.2; --minfontsize: 20; font-size: 30px;\" data-fusion-font=\"true\" data-fontsize=\"30\" data-lineheight=\"36px\">D\u00e9tails<\/h5>\n<\/p>\n<ul>\n<li><span style=\"background-color: rgba(0, 0, 0, 0);\"><b>Dates pour la visite <\/b>: 26 September au 6 November<\/span><\/li>\n<li><b style=\"background-color: rgba(0, 0, 0, 0);\">Location<\/b><span style=\"background-color: rgba(0, 0, 0, 0);\">: Observatoire d&rsquo;Oiseaux de McGill (Sainte-Anne-de-Bellevue)<\/span><\/li>\n<li><b style=\"background-color: rgba(0, 0, 0, 0);\">Dur\u00e9e<\/b><span style=\"background-color: rgba(0, 0, 0, 0);\"> : de 8pm \u00e0 Minuit<\/span><\/li>\n<li><span style=\"background-color: rgba(0, 0, 0, 0);\"><b>Adoption seulement<\/b> : Toute l&rsquo;ann\u00e9e !<\/span><\/li>\n<\/ul>\n<\/div><\/div><\/div><div class=\"fusion-layout-column fusion_builder_column fusion-builder-column-6 fusion_builder_column_3_5 3_5 fusion-flex-column presentation\" style=\"--awb-bg-size:cover;--awb-border-color:var(--awb-color6);--awb-border-color-hover:var(--awb-color3);--awb-border-top:0;--awb-border-right:0;--awb-border-bottom:0;--awb-border-left:0;--awb-border-style:solid;--awb-width-large:60%;--awb-margin-top-large:0px;--awb-spacing-right-large:3.2%;--awb-margin-bottom-large:4em;--awb-spacing-left-large:3.2%;--awb-width-medium:60%;--awb-order-medium:0;--awb-spacing-right-medium:3.2%;--awb-spacing-left-medium:3.2%;--awb-width-small:100%;--awb-order-small:0;--awb-spacing-right-small:2em;--awb-spacing-left-small:1.92%;\" data-scroll-devices=\"small-visibility,medium-visibility,large-visibility\"><div class=\"fusion-column-wrapper fusion-column-has-shadow fusion-flex-justify-content-flex-start fusion-content-layout-column\"><div class=\"fusion-text fusion-text-5\" style=\"--awb-content-alignment:left;\"><h5 class=\"fusion-responsive-typography-calculated\" style=\"--fontsize: 30; line-height: 1.2; --minfontsize: 20; font-size: 30px;\" data-fusion-font=\"true\" data-fontsize=\"30\" data-lineheight=\"36px\">Pourquoi Parrainez une Chouette<\/h5>\n<\/p>\n<ul>\n<li><strong>Visite \u00e0 l&rsquo;observatoire<\/strong> : une adoption permet \u00e0 deux personnes de venir visiter notre site en soir\u00e9e afin d&rsquo;assister au baguage des chouettes.<\/li>\n<li><strong>Rencontrez votre chouette<\/strong> : Savourez l\u2019instant magique o\u00f9 votre chouette parrain\u00e9e prendra son envol de vos mains.<\/li>\n<li><strong>Certificat num\u00e9rique personnalis\u00e9<\/strong> : Inclut une photo de votre oiseaux et ses informations.<\/li>\n<li><strong>Restez connect\u00e9<\/strong> : Recevez une notification prioritaire si votre chouette est recaptur\u00e9e.<\/li>\n<li><strong>Soutenir la conservation<\/strong> : Votre don contribue directement \u00e0 notre programme de suivi de la petit nyctale<\/li>\n<\/ul>\n<\/div><\/div><\/div><\/div><\/div><div class=\"fusion-fullwidth fullwidth-box fusion-builder-row-5 fusion-flex-container has-pattern-background has-mask-background video-cont nonhundred-percent-fullwidth non-hundred-percent-height-scrolling\" style=\"--awb-border-radius-top-left:0px;--awb-border-radius-top-right:0px;--awb-border-radius-bottom-right:0px;--awb-border-radius-bottom-left:0px;--awb-padding-top:5em;--awb-padding-bottom:5em;--awb-padding-top-small:2em;--awb-flex-wrap:wrap;\" ><div class=\"fusion-builder-row fusion-row fusion-flex-align-items-stretch fusion-flex-content-wrap\" style=\"max-width:1248px;margin-left: calc(-4% \/ 2 );margin-right: calc(-4% \/ 2 );\"><div class=\"fusion-layout-column fusion_builder_column fusion-builder-column-7 fusion_builder_column_1_2 1_2 fusion-flex-column\" style=\"--awb-bg-size:cover;--awb-width-large:50%;--awb-margin-top-large:0px;--awb-spacing-right-large:3.84%;--awb-margin-bottom-large:0px;--awb-spacing-left-large:3.84%;--awb-width-medium:50%;--awb-order-medium:0;--awb-spacing-right-medium:3.84%;--awb-spacing-left-medium:3.84%;--awb-width-small:100%;--awb-order-small:0;--awb-spacing-right-small:1.92%;--awb-spacing-left-small:1.92%;\"><div class=\"fusion-column-wrapper fusion-column-has-shadow fusion-flex-justify-content-flex-start fusion-content-layout-column\"><div class=\"fusion-image-element \" style=\"--awb-caption-title-font-family:var(--h2_typography-font-family);--awb-caption-title-font-weight:var(--h2_typography-font-weight);--awb-caption-title-font-style:var(--h2_typography-font-style);--awb-caption-title-size:var(--h2_typography-font-size);--awb-caption-title-transform:var(--h2_typography-text-transform);--awb-caption-title-line-height:var(--h2_typography-line-height);--awb-caption-title-letter-spacing:var(--h2_typography-letter-spacing);\"><span class=\" fusion-imageframe imageframe-none imageframe-2 hover-type-none fancy-border\"><img decoding=\"async\" width=\"600\" height=\"777\" title=\"NSWO 2024 (1)\" src=\"http:\/\/www.oommbo.org\/wp-content\/uploads\/2025\/10\/NSWO-2024-2.png\" alt class=\"img-responsive wp-image-2911\"\/><\/span><\/div><\/div><\/div><div class=\"fusion-layout-column fusion_builder_column fusion-builder-column-8 fusion_builder_column_2_5 2_5 fusion-flex-column\" style=\"--awb-bg-size:cover;--awb-width-large:40%;--awb-margin-top-large:0px;--awb-spacing-right-large:4.8%;--awb-margin-bottom-large:0px;--awb-spacing-left-large:4.8%;--awb-width-medium:40%;--awb-order-medium:0;--awb-spacing-right-medium:4.8%;--awb-spacing-left-medium:4.8%;--awb-width-small:100%;--awb-order-small:0;--awb-margin-top-small:3.5em;--awb-spacing-right-small:1.92%;--awb-spacing-left-small:1.92%;\" data-scroll-devices=\"small-visibility,medium-visibility,large-visibility\"><div class=\"fusion-column-wrapper fusion-column-has-shadow fusion-flex-justify-content-center fusion-content-layout-column\"><div class=\"fusion-title title fusion-title-4 fusion-sep-none fusion-title-text fusion-title-size-three\"><h3 class=\"fusion-title-heading title-heading-left fusion-responsive-typography-calculated\" style=\"margin:0;--fontSize:35;line-height:var(--awb-typography1-line-height);\">R\u00e9sum\u00e9 du programme d&rsquo;adoption de 2024<\/h3><\/div><div class=\"fusion-text fusion-text-6\"><p>Merci \u00e0 tous les parrains et marraines de l\u2019\u00e9dition de l\u2019an dernier. Ce fut un grand succ\u00e8s.<\/p>\n<\/div><\/div><\/div><\/div><\/div><\/p>\n","protected":false},"excerpt":{"rendered":"","protected":false},"author":2,"featured_media":0,"parent":2403,"menu_order":0,"comment_status":"closed","ping_status":"closed","template":"100-width.php","meta":{"_acf_changed":false,"footnotes":""},"class_list":["post-2950","page","type-page","status-publish","hentry"],"acf":[],"_links":{"self":[{"href":"https:\/\/www.oommbo.org\/fr\/wp-json\/wp\/v2\/pages\/2950","targetHints":{"allow":["GET"]}}],"collection":[{"href":"https:\/\/www.oommbo.org\/fr\/wp-json\/wp\/v2\/pages"}],"about":[{"href":"https:\/\/www.oommbo.org\/fr\/wp-json\/wp\/v2\/types\/page"}],"author":[{"embeddable":true,"href":"https:\/\/www.oommbo.org\/fr\/wp-json\/wp\/v2\/users\/2"}],"replies":[{"embeddable":true,"href":"https:\/\/www.oommbo.org\/fr\/wp-json\/wp\/v2\/comments?post=2950"}],"version-history":[{"count":0,"href":"https:\/\/www.oommbo.org\/fr\/wp-json\/wp\/v2\/pages\/2950\/revisions"}],"up":[{"embeddable":true,"href":"https:\/\/www.oommbo.org\/fr\/wp-json\/wp\/v2\/pages\/2403"}],"wp:attachment":[{"href":"https:\/\/www.oommbo.org\/fr\/wp-json\/wp\/v2\/media?parent=2950"}],"curies":[{"name":"wp","href":"https:\/\/api.w.org\/{rel}","templated":true}]}}